{"id":8338,"date":"2023-03-13T14:25:17","date_gmt":"2023-03-13T13:25:17","guid":{"rendered":"https:\/\/mandevillashop.com\/product\/sofia\/"},"modified":"2023-03-13T14:25:17","modified_gmt":"2023-03-13T13:25:17","slug":"sofia","status":"publish","type":"product","link":"https:\/\/mandevillashop.com\/fr\/produit\/sofia\/","title":{"rendered":"Sofia"},"content":{"rendered":"<p>Composez votre look en choisissant votre couleur pr\u00e9f\u00e9r\u00e9e de Mandevilla\/Dipladenia. Cette combinaison d&#8217;un bac \u00e0 plantes italien et de plantes Mandevilla lumineuses ajoutera une touche m\u00e9diterran\u00e9enne et chaleureuse \u00e0 votre jardin ou \u00e0 votre balcon ! Fabriqu\u00e9 en mat\u00e9riau l\u00e9ger, le bac \u00e0 plantes est r\u00e9sistant aux UV, aux rayures et aux chocs. En outre, le pot est dot\u00e9 de trous au fond pour un bon drainage de l&#8217;eau. Ce kit de bricolage est livr\u00e9 avec les quantit\u00e9s ad\u00e9quates de terreau et de granul\u00e9s hydro.<\/p>\n","protected":false},"excerpt":{"rendered":"<p>L&#8217;ensemble Shop The Look Sofia se compose du Planter Square XL Anthracite et de 4x le Sundaville Mandevilla Cream Pink Mini 4-pack. La combinaison d&#8217;une jardini\u00e8re solide et robuste avec des fleurs roses douces et charmantes rendra votre jardin joyeux ! Vous pr\u00e9f\u00e9rez une autre couleur de Mandevilla ? Pas de probl\u00e8me, indiquez simplement la couleur de votre plante pr\u00e9f\u00e9r\u00e9e ci-dessous.<\/p>\n","protected":false},"featured_media":4823,"comment_status":"open","ping_status":"closed","template":"","meta":{"_acf_changed":false},"product_brand":[],"product_cat":[262],"product_tag":[],"linked_variations":[],"class_list":{"0":"post-8338","1":"product","2":"type-product","3":"status-publish","4":"has-post-thumbnail","6":"product_cat-liasses","8":"first","9":"instock","10":"taxable","11":"shipping-taxable","12":"purchasable","13":"product-type-simple"},"acf":[],"yoast_head":"<!-- This site is optimized with the Yoast SEO plugin v26.7 - https:\/\/yoast.com\/wordpress\/plugins\/seo\/ -->\n<title>Mandevilla Sofia - Mandevillashop<\/title>\n<meta name=\"description\" content=\"Mandevilla Sofia \u2714 Belle plante d&#039;ext\u00e9rieur avec de jolies fleurs \u2714 Directement de l&#039;horticulteur \u2714 Livraison rapide par la Mandevillashop\" \/>\n<meta name=\"robots\" content=\"index, follow, max-snippet:-1, max-image-preview:large, max-video-preview:-1\" \/>\n<link rel=\"canonical\" href=\"https:\/\/mandevillashop.com\/fr\/produit\/sofia\/\" \/>\n<meta property=\"og:locale\" content=\"fr_FR\" \/>\n<meta property=\"og:type\" content=\"article\" \/>\n<meta property=\"og:title\" content=\"Mandevilla Sofia - Mandevillashop\" \/>\n<meta property=\"og:description\" content=\"Mandevilla Sofia \u2714 Belle plante d&#039;ext\u00e9rieur avec de jolies fleurs \u2714 Directement de l&#039;horticulteur \u2714 Livraison rapide par la Mandevillashop\" \/>\n<meta property=\"og:url\" content=\"https:\/\/mandevillashop.com\/fr\/produit\/sofia\/\" \/>\n<meta property=\"og:site_name\" content=\"Mandevillashop\" \/>\n<meta property=\"og:image\" content=\"https:\/\/mandevillashop.com\/wp-content\/uploads\/2024\/01\/3.1-Web-scaled-20.jpg\" \/>\n\t<meta property=\"og:image:width\" content=\"1708\" \/>\n\t<meta property=\"og:image:height\" content=\"2560\" \/>\n\t<meta property=\"og:image:type\" content=\"image\/jpeg\" \/>\n<meta name=\"twitter:card\" content=\"summary_large_image\" \/>\n<script type=\"application\/ld+json\" class=\"yoast-schema-graph\">{\"@context\":\"https:\/\/schema.org\",\"@graph\":[{\"@type\":[\"WebPage\",\"ItemPage\"],\"@id\":\"https:\/\/mandevillashop.com\/fr\/produit\/sofia\/\",\"url\":\"https:\/\/mandevillashop.com\/fr\/produit\/sofia\/\",\"name\":\"Mandevilla Sofia - Mandevillashop\",\"isPartOf\":{\"@id\":\"https:\/\/mandevillashop.com\/fr\/#website\"},\"primaryImageOfPage\":{\"@id\":\"https:\/\/mandevillashop.com\/fr\/produit\/sofia\/#primaryimage\"},\"image\":{\"@id\":\"https:\/\/mandevillashop.com\/fr\/produit\/sofia\/#primaryimage\"},\"thumbnailUrl\":\"https:\/\/mandevillashop.com\/wp-content\/uploads\/2024\/01\/3.1-Web-scaled-20.jpg\",\"datePublished\":\"2023-03-13T13:25:17+00:00\",\"description\":\"Mandevilla Sofia \u2714 Belle plante d'ext\u00e9rieur avec de jolies fleurs \u2714 Directement de l'horticulteur \u2714 Livraison rapide par la Mandevillashop\",\"breadcrumb\":{\"@id\":\"https:\/\/mandevillashop.com\/fr\/produit\/sofia\/#breadcrumb\"},\"inLanguage\":\"fr-FR\",\"potentialAction\":[{\"@type\":\"ReadAction\",\"target\":[\"https:\/\/mandevillashop.com\/fr\/produit\/sofia\/\"]}]},{\"@type\":\"ImageObject\",\"inLanguage\":\"fr-FR\",\"@id\":\"https:\/\/mandevillashop.com\/fr\/produit\/sofia\/#primaryimage\",\"url\":\"https:\/\/mandevillashop.com\/wp-content\/uploads\/2024\/01\/3.1-Web-scaled-20.jpg\",\"contentUrl\":\"https:\/\/mandevillashop.com\/wp-content\/uploads\/2024\/01\/3.1-Web-scaled-20.jpg\",\"width\":1708,\"height\":2560,\"caption\":\"Jardini\u00e8re italienne carr\u00e9e anthracite. Avec des mandevillas roses\"},{\"@type\":\"BreadcrumbList\",\"@id\":\"https:\/\/mandevillashop.com\/fr\/produit\/sofia\/#breadcrumb\",\"itemListElement\":[{\"@type\":\"ListItem\",\"position\":1,\"name\":\"Home\",\"item\":\"https:\/\/mandevillashop.com\/fr\/\"},{\"@type\":\"ListItem\",\"position\":2,\"name\":\"Boutique\",\"item\":\"https:\/\/mandevillashop.com\/fr\/boutique\/\"},{\"@type\":\"ListItem\",\"position\":3,\"name\":\"Sofia\"}]},{\"@type\":\"WebSite\",\"@id\":\"https:\/\/mandevillashop.com\/fr\/#website\",\"url\":\"https:\/\/mandevillashop.com\/fr\/\",\"name\":\"Mandevillashop\",\"description\":\"De Mandevilla Specialist\",\"publisher\":{\"@id\":\"https:\/\/mandevillashop.com\/fr\/#organization\"},\"potentialAction\":[{\"@type\":\"SearchAction\",\"target\":{\"@type\":\"EntryPoint\",\"urlTemplate\":\"https:\/\/mandevillashop.com\/fr\/?s={search_term_string}\"},\"query-input\":{\"@type\":\"PropertyValueSpecification\",\"valueRequired\":true,\"valueName\":\"search_term_string\"}}],\"inLanguage\":\"fr-FR\"},{\"@type\":\"Organization\",\"@id\":\"https:\/\/mandevillashop.com\/fr\/#organization\",\"name\":\"Mandevilla Shop\",\"url\":\"https:\/\/mandevillashop.com\/fr\/\",\"logo\":{\"@type\":\"ImageObject\",\"inLanguage\":\"fr-FR\",\"@id\":\"https:\/\/mandevillashop.com\/fr\/#\/schema\/logo\/image\/\",\"url\":\"https:\/\/mandevillashop.com\/wp-content\/uploads\/2023\/07\/mandevilla-shop-zwart.svg\",\"contentUrl\":\"https:\/\/mandevillashop.com\/wp-content\/uploads\/2023\/07\/mandevilla-shop-zwart.svg\",\"caption\":\"Mandevilla Shop\"},\"image\":{\"@id\":\"https:\/\/mandevillashop.com\/fr\/#\/schema\/logo\/image\/\"}}]}<\/script>\n<!-- \/ Yoast SEO plugin. -->","yoast_head_json":{"title":"Mandevilla Sofia - Mandevillashop","description":"Mandevilla Sofia \u2714 Belle plante d'ext\u00e9rieur avec de jolies fleurs \u2714 Directement de l'horticulteur \u2714 Livraison rapide par la Mandevillashop","robots":{"index":"index","follow":"follow","max-snippet":"max-snippet:-1","max-image-preview":"max-image-preview:large","max-video-preview":"max-video-preview:-1"},"canonical":"https:\/\/mandevillashop.com\/fr\/produit\/sofia\/","og_locale":"fr_FR","og_type":"article","og_title":"Mandevilla Sofia - Mandevillashop","og_description":"Mandevilla Sofia \u2714 Belle plante d'ext\u00e9rieur avec de jolies fleurs \u2714 Directement de l'horticulteur \u2714 Livraison rapide par la Mandevillashop","og_url":"https:\/\/mandevillashop.com\/fr\/produit\/sofia\/","og_site_name":"Mandevillashop","og_image":[{"width":1708,"height":2560,"url":"https:\/\/mandevillashop.com\/wp-content\/uploads\/2024\/01\/3.1-Web-scaled-20.jpg","type":"image\/jpeg"}],"twitter_card":"summary_large_image","schema":{"@context":"https:\/\/schema.org","@graph":[{"@type":["WebPage","ItemPage"],"@id":"https:\/\/mandevillashop.com\/fr\/produit\/sofia\/","url":"https:\/\/mandevillashop.com\/fr\/produit\/sofia\/","name":"Mandevilla Sofia - Mandevillashop","isPartOf":{"@id":"https:\/\/mandevillashop.com\/fr\/#website"},"primaryImageOfPage":{"@id":"https:\/\/mandevillashop.com\/fr\/produit\/sofia\/#primaryimage"},"image":{"@id":"https:\/\/mandevillashop.com\/fr\/produit\/sofia\/#primaryimage"},"thumbnailUrl":"https:\/\/mandevillashop.com\/wp-content\/uploads\/2024\/01\/3.1-Web-scaled-20.jpg","datePublished":"2023-03-13T13:25:17+00:00","description":"Mandevilla Sofia \u2714 Belle plante d'ext\u00e9rieur avec de jolies fleurs \u2714 Directement de l'horticulteur \u2714 Livraison rapide par la Mandevillashop","breadcrumb":{"@id":"https:\/\/mandevillashop.com\/fr\/produit\/sofia\/#breadcrumb"},"inLanguage":"fr-FR","potentialAction":[{"@type":"ReadAction","target":["https:\/\/mandevillashop.com\/fr\/produit\/sofia\/"]}]},{"@type":"ImageObject","inLanguage":"fr-FR","@id":"https:\/\/mandevillashop.com\/fr\/produit\/sofia\/#primaryimage","url":"https:\/\/mandevillashop.com\/wp-content\/uploads\/2024\/01\/3.1-Web-scaled-20.jpg","contentUrl":"https:\/\/mandevillashop.com\/wp-content\/uploads\/2024\/01\/3.1-Web-scaled-20.jpg","width":1708,"height":2560,"caption":"Jardini\u00e8re italienne carr\u00e9e anthracite. Avec des mandevillas roses"},{"@type":"BreadcrumbList","@id":"https:\/\/mandevillashop.com\/fr\/produit\/sofia\/#breadcrumb","itemListElement":[{"@type":"ListItem","position":1,"name":"Home","item":"https:\/\/mandevillashop.com\/fr\/"},{"@type":"ListItem","position":2,"name":"Boutique","item":"https:\/\/mandevillashop.com\/fr\/boutique\/"},{"@type":"ListItem","position":3,"name":"Sofia"}]},{"@type":"WebSite","@id":"https:\/\/mandevillashop.com\/fr\/#website","url":"https:\/\/mandevillashop.com\/fr\/","name":"Mandevillashop","description":"De Mandevilla Specialist","publisher":{"@id":"https:\/\/mandevillashop.com\/fr\/#organization"},"potentialAction":[{"@type":"SearchAction","target":{"@type":"EntryPoint","urlTemplate":"https:\/\/mandevillashop.com\/fr\/?s={search_term_string}"},"query-input":{"@type":"PropertyValueSpecification","valueRequired":true,"valueName":"search_term_string"}}],"inLanguage":"fr-FR"},{"@type":"Organization","@id":"https:\/\/mandevillashop.com\/fr\/#organization","name":"Mandevilla Shop","url":"https:\/\/mandevillashop.com\/fr\/","logo":{"@type":"ImageObject","inLanguage":"fr-FR","@id":"https:\/\/mandevillashop.com\/fr\/#\/schema\/logo\/image\/","url":"https:\/\/mandevillashop.com\/wp-content\/uploads\/2023\/07\/mandevilla-shop-zwart.svg","contentUrl":"https:\/\/mandevillashop.com\/wp-content\/uploads\/2023\/07\/mandevilla-shop-zwart.svg","caption":"Mandevilla Shop"},"image":{"@id":"https:\/\/mandevillashop.com\/fr\/#\/schema\/logo\/image\/"}}]}},"_links":{"self":[{"href":"https:\/\/mandevillashop.com\/fr\/wp-json\/wp\/v2\/product\/8338","targetHints":{"allow":["GET"]}}],"collection":[{"href":"https:\/\/mandevillashop.com\/fr\/wp-json\/wp\/v2\/product"}],"about":[{"href":"https:\/\/mandevillashop.com\/fr\/wp-json\/wp\/v2\/types\/product"}],"replies":[{"embeddable":true,"href":"https:\/\/mandevillashop.com\/fr\/wp-json\/wp\/v2\/comments?post=8338"}],"wp:featuredmedia":[{"embeddable":true,"href":"https:\/\/mandevillashop.com\/fr\/wp-json\/wp\/v2\/media\/4823"}],"wp:attachment":[{"href":"https:\/\/mandevillashop.com\/fr\/wp-json\/wp\/v2\/media?parent=8338"}],"wp:term":[{"taxonomy":"product_brand","embeddable":true,"href":"https:\/\/mandevillashop.com\/fr\/wp-json\/wp\/v2\/product_brand?post=8338"},{"taxonomy":"product_cat","embeddable":true,"href":"https:\/\/mandevillashop.com\/fr\/wp-json\/wp\/v2\/product_cat?post=8338"},{"taxonomy":"product_tag","embeddable":true,"href":"https:\/\/mandevillashop.com\/fr\/wp-json\/wp\/v2\/product_tag?post=8338"},{"taxonomy":"linked_variations","embeddable":true,"href":"https:\/\/mandevillashop.com\/fr\/wp-json\/wp\/v2\/linked_variations?post=8338"}],"curies":[{"name":"wp","href":"https:\/\/api.w.org\/{rel}","templated":true}]}}